{"id":39,"date":"2021-09-09T09:01:37","date_gmt":"2021-09-09T07:01:37","guid":{"rendered":"https:\/\/www.hokubema.com\/manuals\/?page_id=39"},"modified":"2026-04-24T11:40:27","modified_gmt":"2026-04-24T09:40:27","slug":"index","status":"publish","type":"page","link":"https:\/\/www.hokubema.com\/manuals\/","title":{"rendered":"HOKUBEMA Download"},"content":{"rendered":"<p style=\"text-align: right;\"><a href=\"https:\/\/www.hokubema.com\/manuals\/hokubema-download-english.html\"><img loading=\"lazy\" decoding=\"async\" class=\"alignnone size-full wp-image-1029\" src=\"https:\/\/www.hokubema.com\/manuals\/wp-content\/uploads\/flag_en-1.png\" alt=\"English Version\" width=\"33\" height=\"20\" \/><\/a><\/p>\n<p style=\"text-align: left;\">Willkommen beim Download f\u00fcr Holzbearbeitungsmaschinen der Marken PANHANS, RAPID und WOODPECKER, f\u00fcr erg\u00e4nzende SI-TEC Sicherheitstechnik sowie f\u00fcr Zubeh\u00f6r und weitere Produkte der HOKUBEMA Maschinenbau GmbH.<\/p>\n<p style=\"text-align: left;\"><strong>W\u00e4hlen Sie den gew\u00fcnschten Bereich durch Anklicken des Logos oder der entsprechenden Flagge:<\/strong><span style=\"text-align: start;\"><\/p>\n<div class=\"wrc-column-grid wrc-column-grid-2\">\n<div  class=\"wrc-column wrc-column-width-1 wrc-column-start\" >\n<p><\/span><\/p>\n<p style=\"text-align: center;\"><a href=\"https:\/\/www.hokubema.com\/manuals\/panhans.html\"><img loading=\"lazy\" decoding=\"async\" class=\"alignnone wp-image-219 size-full\" src=\"https:\/\/www.hokubema.com\/manuals\/wp-content\/uploads\/2021\/09\/panhans.png\" alt=\"Anleitungen, Manuals und Datenbl\u00e4tter f\u00fcr PANHANS Maschinen herunterladen\" width=\"300\" height=\"120\" \/><\/a><br \/>\n<a href=\"https:\/\/www.hokubema.com\/manuals\/panhans.html\"><img loading=\"lazy\" decoding=\"async\" class=\"alignnone size-full wp-image-1030\" src=\"https:\/\/www.hokubema.com\/manuals\/wp-content\/uploads\/flag_de-1.png\" alt=\"Deutsche Version\" width=\"33\" height=\"20\" \/><\/a>\u00a0<a href=\"https:\/\/www.hokubema.com\/manuals\/panhans_en.html\"><img loading=\"lazy\" decoding=\"async\" class=\"alignnone size-full wp-image-1029\" src=\"https:\/\/www.hokubema.com\/manuals\/wp-content\/uploads\/flag_en-1.png\" alt=\"English Version\" width=\"33\" height=\"20\" \/><\/a> <a href=\"https:\/\/www.hokubema.com\/manuals\/panhans_fr.html\"><img loading=\"lazy\" decoding=\"async\" class=\"alignnone size-full wp-image-1029\" src=\"https:\/\/www.hokubema.com\/manuals\/wp-content\/uploads\/flag_fr.png\" alt=\"Version fran\u00e7aise\" width=\"33\" height=\"20\" \/><\/a> <a href=\"https:\/\/www.hokubema.com\/manuals\/panhans-nl-be.html\"><img loading=\"lazy\" decoding=\"async\" class=\"alignnone wp-image-1029 size-full\" src=\"https:\/\/www.hokubema.com\/manuals\/wp-content\/uploads\/flag_nl.png\" alt=\"Nederlands\" width=\"33\" height=\"20\" \/><\/a> <a href=\"https:\/\/www.hokubema.com\/manuals\/panhans_pt.html\"><img loading=\"lazy\" decoding=\"async\" class=\"alignnone wp-image-1029 size-full\" src=\"https:\/\/www.hokubema.com\/manuals\/wp-content\/uploads\/flag_pt.png\" alt=\"Portugu\u00eas\" width=\"33\" height=\"20\" \/><\/a> <a href=\"https:\/\/www.hokubema.com\/manuals\/panhans-skandinavien.html\"><img loading=\"lazy\" decoding=\"async\" class=\"alignnone wp-image-1029 size-full\" src=\"https:\/\/www.hokubema.com\/manuals\/wp-content\/uploads\/flag_scandinavia.png\" alt=\"Skandinavien\" width=\"33\" height=\"20\" \/><\/a><\/p>\n<p style=\"text-align: center;\"><a href=\"https:\/\/www.hokubema.com\/manuals\/si-tec.html\"><img loading=\"lazy\" decoding=\"async\" class=\"alignnone wp-image-218 size-full\" src=\"https:\/\/www.hokubema.com\/manuals\/wp-content\/uploads\/2021\/09\/si-tec.png\" alt=\"SIT-TECT Sicherheitstechnik - Manuals und Datenbl\u00e4tter Download\" width=\"300\" height=\"120\" \/><\/a><br \/>\n<a href=\"https:\/\/www.hokubema.com\/manuals\/si-tec.html\"><img loading=\"lazy\" decoding=\"async\" class=\"alignnone size-full wp-image-1030\" src=\"https:\/\/www.hokubema.com\/manuals\/wp-content\/uploads\/flag_de-1.png\" alt=\"Deutsche Version\" width=\"33\" height=\"20\" \/><\/a> <a href=\"https:\/\/www.hokubema.com\/manuals\/si-tec_en.html\"><img loading=\"lazy\" decoding=\"async\" class=\"alignnone size-full wp-image-1029\" src=\"https:\/\/www.hokubema.com\/manuals\/wp-content\/uploads\/flag_en-1.png\" alt=\"English Version\" width=\"33\" height=\"20\" \/><\/a>\u00a0<a href=\"https:\/\/www.hokubema.com\/manuals\/si-tec_fr.html\"><img loading=\"lazy\" decoding=\"async\" class=\"alignnone size-full wp-image-1029\" src=\"https:\/\/www.hokubema.com\/manuals\/wp-content\/uploads\/flag_fr.png\" alt=\"Version fran\u00e7aise\" width=\"33\" height=\"20\" \/><\/a> <a href=\"https:\/\/www.hokubema.com\/manuals\/si-tec_nl.html\"><img loading=\"lazy\" decoding=\"async\" class=\"alignnone size-full wp-image-1029\" src=\"https:\/\/www.hokubema.com\/manuals\/wp-content\/uploads\/flag_nl.png\" alt=\"Nederlands\" width=\"33\" height=\"20\" \/><\/a><\/p>\n<p style=\"text-align: center;\"><span style=\"text-align: start;\"><a href=\"https:\/\/www.hokubema.com\/manuals\/woodpecker.html\"><img loading=\"lazy\" decoding=\"async\" class=\"alignnone wp-image-216 size-full\" src=\"https:\/\/www.hokubema.com\/manuals\/wp-content\/uploads\/2021\/09\/woodpecker.png\" alt=\"WOODPECKER - Manuals &amp; Datenbl\u00e4tter downloaden\" width=\"300\" height=\"120\" \/><\/a><br \/>\n<a href=\"https:\/\/www.hokubema.com\/manuals\/woodpecker.html\"><img loading=\"lazy\" decoding=\"async\" class=\"alignnone wp-image-1030 size-full\" src=\"https:\/\/www.hokubema.com\/manuals\/wp-content\/uploads\/flag_de-1.png\" alt=\"Deutsche Version\" width=\"33\" height=\"20\" \/><\/a>\u00a0<a href=\"https:\/\/www.hokubema.com\/manuals\/woodpecker_en.html\"><img loading=\"lazy\" decoding=\"async\" class=\"alignnone wp-image-1029 size-full\" src=\"https:\/\/www.hokubema.com\/manuals\/wp-content\/uploads\/flag_en-1.png\" alt=\"English Version\" width=\"33\" height=\"20\" \/><\/a><\/span><span style=\"text-align: start;\"><\/p>\n<\/div>\n<p><\/span><\/p>\n<div  class=\"wrc-column wrc-column-width-1 wrc-column-end\" >\n<p style=\"text-align: center;\"><a href=\"https:\/\/www.hokubema.com\/manuals\/beck-maschinenbau.html\" target=\"_blank\" rel=\"noopener\"><img loading=\"lazy\" decoding=\"async\" class=\"aligncenter wp-image-220 size-full\" src=\"https:\/\/www.hokubema.com\/manuals\/wp-content\/uploads\/2021\/09\/beck-maschinenbau.png\" alt=\"Beck Maschinenbau - Betriebsanleitungen\" width=\"300\" height=\"120\" \/><\/a><br \/>\n<a href=\"https:\/\/www.hokubema.com\/manuals\/beck-maschinenbau.html\"><img loading=\"lazy\" decoding=\"async\" class=\"alignnone size-full wp-image-1030\" src=\"https:\/\/www.hokubema.com\/manuals\/wp-content\/uploads\/flag_de-1.png\" alt=\"Deutsche Version\" width=\"33\" height=\"20\" \/><\/a> <a href=\"https:\/\/www.hokubema.com\/manuals\/beck-maschinenbau_en.html\"><img loading=\"lazy\" decoding=\"async\" class=\"alignnone wp-image-1029 size-full\" src=\"https:\/\/www.hokubema.com\/manuals\/wp-content\/uploads\/flag_en-1.png\" alt=\"English Version\" width=\"33\" height=\"20\" \/><\/a> <a href=\"https:\/\/www.hokubema.com\/manuals\/beck-maschinenbau_fr.html\"><img loading=\"lazy\" decoding=\"async\" class=\"alignnone size-full wp-image-1029\" src=\"https:\/\/www.hokubema.com\/manuals\/wp-content\/uploads\/flag_fr.png\" alt=\"Version fran\u00e7aise\" width=\"33\" height=\"20\" \/><\/a> <a href=\"https:\/\/www.hokubema.com\/manuals\/beck-maschinenbau-nl.html\"><img loading=\"lazy\" decoding=\"async\" class=\"alignnone wp-image-1029 size-full\" src=\"https:\/\/www.hokubema.com\/manuals\/wp-content\/uploads\/flag_nl.png\" alt=\"Nederlands\" width=\"33\" height=\"20\" \/><\/a><\/p>\n<p style=\"text-align: center;\"><a href=\"beck-kommunikationselektronik.html\"><img loading=\"lazy\" decoding=\"async\" class=\"alignnone wp-image-217 size-full\" src=\"https:\/\/www.hokubema.com\/manuals\/wp-content\/uploads\/2021\/09\/beck-elektronik.png\" alt=\"Beck Kommunikationselektonik - Manuals und Datenbl\u00e4tter\" width=\"300\" height=\"120\" \/><\/a><br \/>\n<a href=\"https:\/\/www.hokubema.com\/manuals\/beck-kommunikationselektronik.html\"><img loading=\"lazy\" decoding=\"async\" class=\"alignnone size-full wp-image-1030\" src=\"https:\/\/www.hokubema.com\/manuals\/wp-content\/uploads\/flag_de-1.png\" alt=\"Deutsche Version\" width=\"33\" height=\"20\" \/><\/a> <a href=\"https:\/\/www.hokubema.com\/manuals\/beck-kommunikationselektronik_en.html\"><img loading=\"lazy\" decoding=\"async\" class=\"alignnone wp-image-1029 size-full\" src=\"https:\/\/www.hokubema.com\/manuals\/wp-content\/uploads\/flag_en-1.png\" alt=\"English Version\" width=\"33\" height=\"20\" \/><\/a><\/p>\n<table border=\"0\" width=\"260\" cellspacing=\"0\" cellpadding=\"0\" align=\"center\" bgcolor=\"ffffff\">\n<tbody>\n<tr>\n<td valign=\"bottom\" bgcolor=\"#FFFFFF\" width=\"50%\" height=\"105\">\n<div align=\"center\"><a href=\"https:\/\/www.hokubema.com\/manuals\/service.html\"><img loading=\"lazy\" decoding=\"async\" class=\"alignnone wp-image-543 size-full\" src=\"https:\/\/www.hokubema.com\/manuals\/wp-content\/uploads\/service-bereich.png\" alt=\"Servicebereich (passwortgesc\u00fctzt)\" width=\"123\" height=\"100\" \/><\/a><\/div>\n<\/td>\n<td valign=\"bottom\" bgcolor=\"#FFFFFF\" width=\"50%\" height=\"105\">\n<div align=\"center\"><a href=\"https:\/\/www.hokubema.com\/manuals\/software.html\"><img loading=\"lazy\" decoding=\"async\" class=\"alignnone wp-image-544 size-full\" src=\"https:\/\/www.hokubema.com\/manuals\/wp-content\/uploads\/software-bereich-e1631771068639.png\" alt=\"Software-Updates (passwortgesc\u00fctzt)\" width=\"103\" height=\"100\" \/><\/a><\/div>\n<\/td>\n<\/tr>\n<\/tbody>\n<\/table>\n<p style=\"text-align: center;\">\n<\/div>\n<\/div>\n<p><!-- .wrc-column-grid --><\/p>\n<h3 style=\"text-align: left;\">\u00dcber die Plattform<\/h3>\n<p style=\"text-align: left;\">Hier finden Sie aktuelle Standard-Betriebsanleitungen, Manuals, Datenbl\u00e4tter, Installationsanleitungen, Bedienungsanleitungen sowie erg\u00e4nzendes Informationsmaterial f\u00fcr Ihre Holzfr\u00e4smaschine, Formatkreiss\u00e4ge, Bands\u00e4ge, Langlochbohrmaschine oder Hobelmaschine. Des Weiteren sind hier Dokumente, Beschreibungen und Bedienungsanleitungen rund um Zubeh\u00f6rkomponenten (z. B. Gehrungsanschl\u00e4ge, Steuerungen oder Sicherheitszubeh\u00f6r) sowie Anleitungen f\u00fcr ergonomische Arbeitsmittel, Hubtische, Hebeger\u00e4te sowie Rollenbahnen und Messbahnen der R. Beck Maschinenbau GmbH zu finden. Diese Plattform wird sukzessive weiter ausgebaut. Gelistete Dokumente, die nicht verlinkt sind, sind derzeit noch nicht verf\u00fcgbar oder in Bearbeitung.<\/p>\n<p style=\"text-align: left;\"><strong>Hinweis:<\/strong> Die Bereiche &#8222;Service&#8220; und &#8222;Software&#8220; sind passwortgesch\u00fctzt und prim\u00e4r unseren Servicetechnikern und Bestandskunden vorbehalten.<\/p>\n<p><a href=\"https:\/\/www.hokubema.com\/\" target=\"_blank\" rel=\"noopener\"><img loading=\"lazy\" decoding=\"async\" class=\"aligncenter wp-image-3871\" title=\"Schreinerbedarf und Zubeh\u00f6r f\u00fcr die Holzbearbeitung kaufen\" src=\"https:\/\/www.hokubema.com\/manuals\/wp-content\/uploads\/logo_hokubema_rgb_333px_72dpi_digital_logo.png\" alt=\"Holzbearbeitungsmaschinen &amp; Zubeh\u00f6r f\u00fcr Tischler\" width=\"258\" height=\"62\" \/><\/a><\/p>\n","protected":false},"excerpt":{"rendered":"<p>Willkommen beim Download f\u00fcr Holzbearbeitungsmaschinen der Marken PANHANS, RAPID und WOODPECKER, f\u00fcr erg\u00e4nzende SI-TEC Sicherheitstechnik sowie f\u00fcr Zubeh\u00f6r und weitere Produkte der HOKUBEMA Maschinenbau GmbH. W\u00e4hlen Sie den gew\u00fcnschten Bereich durch Anklicken des Logos oder der entsprechenden Flagge: \u00dcber die Plattform Hier finden Sie aktuelle Standard-Betriebsanleitungen, Manuals, Datenbl\u00e4tter, Installationsanleitungen, Bedienungsanleitungen sowie erg\u00e4nzendes Informationsmaterial f\u00fcr Ihre &#8230; <a title=\"HOKUBEMA Download\" class=\"read-more\" href=\"https:\/\/www.hokubema.com\/manuals\/\" aria-label=\"Mehr dazu unter HOKUBEMA Download\">Weiterlesen<\/a><\/p>\n","protected":false},"author":2,"featured_media":0,"parent":0,"menu_order":0,"comment_status":"closed","ping_status":"closed","template":"","meta":{"footnotes":""},"class_list":["post-39","page","type-page","status-publish"],"_links":{"self":[{"href":"https:\/\/www.hokubema.com\/manuals\/wp-json\/wp\/v2\/pages\/39","targetHints":{"allow":["GET"]}}],"collection":[{"href":"https:\/\/www.hokubema.com\/manuals\/wp-json\/wp\/v2\/pages"}],"about":[{"href":"https:\/\/www.hokubema.com\/manuals\/wp-json\/wp\/v2\/types\/page"}],"author":[{"embeddable":true,"href":"https:\/\/www.hokubema.com\/manuals\/wp-json\/wp\/v2\/users\/2"}],"replies":[{"embeddable":true,"href":"https:\/\/www.hokubema.com\/manuals\/wp-json\/wp\/v2\/comments?post=39"}],"version-history":[{"count":17,"href":"https:\/\/www.hokubema.com\/manuals\/wp-json\/wp\/v2\/pages\/39\/revisions"}],"predecessor-version":[{"id":5818,"href":"https:\/\/www.hokubema.com\/manuals\/wp-json\/wp\/v2\/pages\/39\/revisions\/5818"}],"wp:attachment":[{"href":"https:\/\/www.hokubema.com\/manuals\/wp-json\/wp\/v2\/media?parent=39"}],"curies":[{"name":"wp","href":"https:\/\/api.w.org\/{rel}","templated":true}]}}