{"id":44,"date":"2021-09-09T12:03:19","date_gmt":"2021-09-09T10:03:19","guid":{"rendered":"https:\/\/www.hokubema.com\/manuals\/?page_id=44"},"modified":"2026-04-17T08:03:38","modified_gmt":"2026-04-17T06:03:38","slug":"panhans","status":"publish","type":"page","link":"https:\/\/www.hokubema.com\/manuals\/panhans.html","title":{"rendered":"PANHANS Maschinen (Deutsch)"},"content":{"rendered":"<p style=\"text-align: right;\"><a href=\"https:\/\/www.hokubema.com\/manuals\/panhans_en.html\"><img loading=\"lazy\" decoding=\"async\" class=\"alignnone size-full wp-image-1029\" src=\"https:\/\/www.hokubema.com\/manuals\/wp-content\/uploads\/flag_en-1.png\" alt=\"English Version\" width=\"33\" height=\"20\" \/><\/a> <a href=\"https:\/\/www.hokubema.com\/manuals\/panhans_fr.html\"><img loading=\"lazy\" decoding=\"async\" class=\"alignnone size-full wp-image-1029\" src=\"https:\/\/www.hokubema.com\/manuals\/wp-content\/uploads\/flag_fr.png\" alt=\"Version fran\u00e7aise\" width=\"33\" height=\"20\" \/><\/a> <a href=\"https:\/\/www.hokubema.com\/manuals\/panhans-nl-be.html\"><img loading=\"lazy\" decoding=\"async\" class=\"alignnone size-full wp-image-1029\" src=\"https:\/\/www.hokubema.com\/manuals\/wp-content\/uploads\/flag_nl.png\" alt=\"Nederlands-Vlaamse versie\" width=\"33\" height=\"20\" \/><\/a> <a href=\"https:\/\/www.hokubema.com\/manuals\/panhans_pt.html\"><img loading=\"lazy\" decoding=\"async\" class=\"alignnone wp-image-1029 size-full\" src=\"https:\/\/www.hokubema.com\/manuals\/wp-content\/uploads\/flag_pt.png\" alt=\"Portugu\u00eas\" width=\"33\" height=\"20\" \/><\/a> <a href=\"https:\/\/www.hokubema.com\/manuals\/panhans-skandinavien.html\"><img loading=\"lazy\" decoding=\"async\" class=\"alignnone size-full wp-image-1029\" src=\"https:\/\/www.hokubema.com\/manuals\/wp-content\/uploads\/flag_scandinavia.png\" alt=\"Scandinavia\" width=\"33\" height=\"20\" \/><\/a><\/p>\n<p><a href=\"https:\/\/www.panhans.de\" target=\"_blank\" rel=\"noopener\"><img loading=\"lazy\" decoding=\"async\" class=\"alignnone wp-image-237 size-medium\" src=\"https:\/\/www.hokubema.com\/manuals\/wp-content\/uploads\/panhans_2-300x75.png\" alt=\"PANHANS Holzbearbeitungsmaschinen\" width=\"300\" height=\"75\" srcset=\"https:\/\/www.hokubema.com\/manuals\/wp-content\/uploads\/panhans_2-300x75.png 300w, https:\/\/www.hokubema.com\/manuals\/wp-content\/uploads\/panhans_2.png 389w\" sizes=\"auto, (max-width: 300px) 100vw, 300px\" \/><\/a><br \/>\n<strong>Holzbearbeitungsmaschinen<\/strong><\/p>\n<p style=\"text-align: left;\">\ud83d\udd17 <a href=\"https:\/\/www.hokubema.com\/maschinen\/panhans-de\/\" target=\"_blank\" rel=\"noopener\">PANHANS Maschine online kaufen &gt;&gt;<\/a><\/p>\n<h2>Bands\u00e4gemaschinen<\/h2>\n<p><strong><\/p>\n<div class=\"wrc-column-grid wrc-column-grid-2\">\n<div  class=\"wrc-column wrc-column-width-1 wrc-column-start\" >\n<p>Anleitungen<br \/>\n<\/strong><a style=\"text-align: -webkit-center;\" href=\"https:\/\/www.hokubema.com\/manuals\/wp-content\/uploads\/BA_PH_BSB-400-900_DE.pdf\" target=\"_blank\" rel=\"noopener\">BSB 400 &#8211; 900<\/a><br \/>\n<a href=\"https:\/\/www.hokubema.com\/manuals\/wp-content\/uploads\/BA_PH_3V_DE.pdf\" target=\"_blank\" rel=\"noopener\">Dreirad 3V<\/a><br \/>\n<a href=\"https:\/\/www.hokubema.com\/manuals\/wp-content\/uploads\/MA_PH_3V-Schiebetisch-Installation_DE.pdf\" target=\"_blank\" rel=\"noopener\">Dreirad 3V mit Schiebetisch (Montageanleitung)<\/a><br \/>\n<a href=\"https:\/\/www.hokubema.com\/manuals\/wp-content\/uploads\/BA_PH_TBS-800R-900R_DE.pdf\" target=\"_blank\" rel=\"noopener\">TBS 800R \/ TBS 900R<\/a><\/p>\n<p><strong><\/p>\n<\/div>\n<div  class=\"wrc-column wrc-column-width-1 wrc-column-end\" >\n<p>Datenbl\u00e4tter<br \/>\n<\/strong><a href=\"https:\/\/www.hokubema.com\/manuals\/wp-content\/uploads\/DB_PH_BSB-400_DE.pdf\" target=\"_blank\" rel=\"noopener\">BSB 400<\/a><br \/>\n<a href=\"https:\/\/www.hokubema.com\/manuals\/wp-content\/uploads\/DB_PH_BSB-500_DE.pdf\" target=\"_blank\" rel=\"noopener\">BSB 500<\/a><br \/>\n<a href=\"https:\/\/www.hokubema.com\/manuals\/wp-content\/uploads\/DB_PH_BSB-600_DE.pdf\" target=\"_blank\" rel=\"noopener\">BSB 600<\/a><br \/>\n<a href=\"https:\/\/www.hokubema.com\/manuals\/wp-content\/uploads\/DB_PH_BSB-700_DE.pdf\" target=\"_blank\" rel=\"noopener\">BSB 700<\/a><br \/>\n<a href=\"https:\/\/www.hokubema.com\/manuals\/wp-content\/uploads\/DB_PH_BSB-800_DE.pdf\" target=\"_blank\" rel=\"noopener\">BSB 800<\/a><br \/>\n<a href=\"https:\/\/www.hokubema.com\/manuals\/wp-content\/uploads\/DB_PH_BSB-900_DE.pdf\" target=\"_blank\" rel=\"noopener\">BSB 900\u00a0<\/a><br \/>\n<a href=\"https:\/\/www.hokubema.com\/manuals\/wp-content\/uploads\/DB_PH_3V_DE.pdf\" target=\"_blank\" rel=\"noopener\">Dreirad 3V<\/a><br \/>\n<a href=\"https:\/\/www.hokubema.com\/manuals\/wp-content\/uploads\/DB_PH_TBS-800R-900R_DE.pdf\" target=\"_blank\" rel=\"noopener\">TBS 800R \/ TBS 900R<\/a><\/p>\n<\/div>\n<\/div>\n<p><!-- .wrc-column-grid -->\ud83d\udd17 <a href=\"https:\/\/www.panhans.de\/produkte\/bandsaegemaschinen\/\" target=\"_blank\" rel=\"noopener\">Bands\u00e4gen auf panhans.de &gt;&gt;<\/a><br \/>\n\ud83d\udd17 <a href=\"https:\/\/www.hokubema.com\/maschinen\/panhans-de\/bandsaegen\/\" target=\"_blank\" rel=\"noopener\">PANHANS Bands\u00e4ge kaufen &gt;&gt;<\/a><br \/>\n\ud83d\udd17 <a href=\"https:\/\/www.hokubema.com\/si-tec\/si-tec-fuer-bandsaegen\/Bandsaegeblaetter-fuer-Holz\/\">Bands\u00e4gebl\u00e4tter kaufen &gt;&gt;<\/a><\/p>\n<hr \/>\n<h2>Formatkreiss\u00e4gen<\/h2>\n<p><strong><\/p>\n<div class=\"wrc-column-grid wrc-column-grid-2\">\n<div  class=\"wrc-column wrc-column-width-1 wrc-column-start\" >\n<p>Anleitungen<br \/>\n<\/strong><a href=\"https:\/\/www.hokubema.com\/manuals\/wp-content\/uploads\/BA_PH_680-100_DE.pdf\" target=\"_blank\" rel=\"noopener\">680|100<\/a><br \/>\n<a href=\"https:\/\/www.hokubema.com\/manuals\/wp-content\/uploads\/BA_PH_680-200_DE.pdf\" target=\"_blank\" rel=\"noopener\">680|200<\/a><br \/>\n<a href=\"https:\/\/www.hokubema.com\/manuals\/wp-content\/uploads\/BA_PH_690-100_DE.pdf\" target=\"_blank\" rel=\"noopener\">690|100<\/a><br \/>\n<a href=\"https:\/\/www.hokubema.com\/manuals\/wp-content\/uploads\/BA_PH_690-200_DE.pdf\" target=\"_blank\" rel=\"noopener\">690|200<\/a><\/p>\n<p><strong><\/p>\n<\/div>\n<div  class=\"wrc-column wrc-column-width-1 wrc-column-end\" >\n<p>Datenbl\u00e4tter<br \/>\n<\/strong><a href=\"https:\/\/www.hokubema.com\/manuals\/wp-content\/uploads\/DB_PH_680-100_DE.pdf\" target=\"_blank\" rel=\"noopener\">680|100<\/a><br \/>\n<a href=\"https:\/\/www.hokubema.com\/manuals\/wp-content\/uploads\/DB_PH_680-200_DE.pdf\" target=\"_blank\" rel=\"noopener\">680|200<\/a><br \/>\n<a href=\"https:\/\/www.hokubema.com\/manuals\/wp-content\/uploads\/DB_PH_690-100_DE.pdf\" target=\"_blank\" rel=\"noopener\">690|100<\/a><br \/>\n<a href=\"https:\/\/www.hokubema.com\/manuals\/wp-content\/uploads\/DB_PH_690-200_DE.pdf\" target=\"_blank\" rel=\"noopener\">690|200<\/a><\/p>\n<\/div>\n<\/div>\n<p><!-- .wrc-column-grid -->\ud83d\udd17 <a href=\"https:\/\/www.panhans.de\/produkte\/formatkreissaegen\/\" target=\"_blank\" rel=\"noopener\">Formatkreiss\u00e4gen auf panhans.de &gt;&gt;<\/a><br \/>\n\ud83d\udd17 <a href=\"https:\/\/www.hokubema.com\/maschinen\/panhans-de\/panhans-formatkreissaegen\/\" target=\"_blank\" rel=\"noopener\">PANHANS Formatkreiss\u00e4ge kaufen &gt;&gt;<\/a><\/p>\n<h3>Zusatzanleitungen Formatkreiss\u00e4gen<\/h3>\n<div class=\"wrc-column-grid wrc-column-grid-2\">\n<div  class=\"wrc-column wrc-column-width-1 wrc-column-start\" >\n<p><strong>L\u00e4ngen- und Winkelanschl\u00e4ge:<\/strong><br \/>\n<a href=\"https:\/\/www.hokubema.com\/manuals\/wp-content\/uploads\/BA_PH_Super-Gehrfix-1_DE.pdf\" target=\"_blank\" rel=\"noopener\">Super-Gehrfix I<\/a><br \/>\n(f\u00fcr 690|100, 690|200 und V91)<br \/>\n<a href=\"https:\/\/www.hokubema.com\/manuals\/wp-content\/uploads\/BA_PH_Super-Gehrfix-2_DE.pdf\" target=\"_blank\" rel=\"noopener\">Super-Gehrfix II<\/a><br \/>\n(f\u00fcr 690|100, 690|200 und V91)<\/p>\n<\/div>\n<div  class=\"wrc-column wrc-column-width-1 wrc-column-end\" >\n<p><strong>Digitale L\u00e4ngenanschl\u00e4ge:<\/strong><br \/>\n<a href=\"https:\/\/www.hokubema.com\/manuals\/wp-content\/uploads\/BA_PH_Tele-Digit_DE.pdf\" target=\"_blank\" rel=\"noopener\">TELE-DIGIT<\/a><br \/>\n(f\u00fcr 690|100, 690|200 und V91)<br \/>\n<a href=\"https:\/\/www.hokubema.com\/manuals\/wp-content\/uploads\/BA_PH_Laengenanschlag-Digital_DE.pdf\" target=\"_blank\" rel=\"noopener\">L\u00e4ngenanschlag Digital<\/a><br \/>\n(f\u00fcr 680|100, 680|200)<\/p>\n<\/div>\n<\/div>\n<p><!-- .wrc-column-grid --><\/p>\n<div class=\"wrc-column-grid wrc-column-grid-2\">\n<div  class=\"wrc-column wrc-column-width-1 wrc-column-start\" >\n<p><strong>Doppelseitige Gehrungsanschl\u00e4ge:<br \/>\n<\/strong><a href=\"https:\/\/www.hokubema.com\/manuals\/wp-content\/uploads\/BA_ST_DSG-A_DE.pdf\" target=\"_blank\" rel=\"noopener\">SI-TEC &#8211; DSG-A<\/a> (Winkel analog einstellbar)<br \/>\n<a href=\"https:\/\/www.hokubema.com\/manuals\/wp-content\/uploads\/BA_ST_DSG-D_DE.pdf\" target=\"_blank\" rel=\"noopener\">SI-TEC &#8211; DSG-D<\/a>\u00a0(Winkel digital einstellbar)<\/p>\n<\/div>\n<div  class=\"wrc-column wrc-column-width-1 wrc-column-end\" >\n<p><strong>Vorschubapparat Betriebsanleitung:<br \/>\n<\/strong><a href=\"https:\/\/www.hokubema-manuals.de\/uploads\/BA_PH_Vorschubapparat-76_DE.pdf\" target=\"_blank\" rel=\"noopener\">Vorschubapparat PANHANS Typ 76<\/a><\/p>\n<\/div>\n<\/div>\n<p><!-- .wrc-column-grid --><\/p>\n<hr \/>\n<h2>Hobelmaschinen<\/h2>\n<p><strong><\/p>\n<div class=\"wrc-column-grid wrc-column-grid-2\">\n<div  class=\"wrc-column wrc-column-width-1 wrc-column-start\" >\n<p>Anleitungen<br \/>\n<\/strong><a href=\"https:\/\/www.hokubema.com\/manuals\/wp-content\/uploads\/BA_PH_335-20_DE_05-23.pdf\" target=\"_blank\" rel=\"noopener\">334|20, 335|20, 336|20<\/a> &#8211; Abrichthobel (Version bis 2023)<br \/>\n<a href=\"https:\/\/www.hokubema.com\/manuals\/wp-content\/uploads\/BA_PH_335-20_DE.pdf\" target=\"_blank\" rel=\"noopener\">334|20, 335|20, 336|20<\/a> &#8211; Abrichthobel (Version ab 2024)<br \/>\n<a href=\"https:\/\/www.hokubema.com\/manuals\/wp-content\/uploads\/BA_PH_436-100_DE.pdf\" target=\"_blank\" rel=\"noopener\">436|100<\/a> &#8211; Dickenhobel<br \/>\n<a href=\"https:\/\/www.hokubema.com\/manuals\/wp-content\/uploads\/BA_PH_546-100_DE.pdf\" target=\"_blank\" rel=\"noopener\">546|100<\/a> &#8211; Kombination<\/p>\n<p><strong><\/p>\n<\/div>\n<div  class=\"wrc-column wrc-column-width-1 wrc-column-end\" >\n<p>Datenbl\u00e4tter<br \/>\n<\/strong><a href=\"https:\/\/www.hokubema.com\/manuals\/wp-content\/uploads\/DB_PH_335-20_DE.pdf\" target=\"_blank\" rel=\"noopener\">334|20, 335|20, 336|20<\/a> &#8211; Abrichthobel<br \/>\n<a href=\"https:\/\/www.hokubema.com\/manuals\/wp-content\/uploads\/DB_PH_436-100_DE.pdf\" target=\"_blank\" rel=\"noopener\">436|100<\/a>\u00a0&#8211; Dickenhobel<br \/>\n<a href=\"https:\/\/www.hokubema.com\/manuals\/wp-content\/uploads\/DB_PH_546-100_DE.pdf\" target=\"_blank\" rel=\"noopener\">546|100<\/a> &#8211; Kombination<\/p>\n<\/div>\n<\/div>\n<p><!-- .wrc-column-grid --><\/p>\n<h3>Zusatzanleitungen Hobelmaschinen<\/h3>\n<div class=\"wrc-column-grid wrc-column-grid-2\">\n<div  class=\"wrc-column wrc-column-width-1 wrc-column-start\" >\n<p>Hobelschutzvorrichtungen f\u00fcr Abrichtmaschinen:<strong><br \/>\n<\/strong><span style=\"text-align: -webkit-center;\"><a href=\"https:\/\/www.hokubema.com\/manuals\/wp-content\/uploads\/Bedienungsanleitung-SUVAMATIC-2023-DE-FR-IT-EN.pdf\" target=\"_blank\" rel=\"noopener\">SUVAMATIC Br\u00fcckenschutz DE\/FR\/IT\/EN<\/a><br \/>\n(Original Herstelleranleitung)<br \/>\n<a href=\"https:\/\/www.hokubema.com\/manuals\/wp-content\/uploads\/BA_ST_TX-MATIC_DE.pdf\" target=\"_blank\" rel=\"noopener\">SI-TEC &#8211; TX MATIC Br\u00fcckenschutz<\/a><br \/>\n<\/span><a href=\"https:\/\/www.hokubema.com\/manuals\/wp-content\/uploads\/BA_ST_TXF-TXR-1570_DE.pdf\" target=\"_blank\" rel=\"noopener\"><span style=\"text-align: -webkit-center;\">SI-TEC 1570 TXF-TXR Br\u00fcckenschutz<\/span><\/a><\/p>\n<\/div>\n<div  class=\"wrc-column wrc-column-width-1 wrc-column-end\" >\n<p>Dickenhobelmaschine 436|100:<br \/>\n<a href=\"https:\/\/www.hokubema.com\/manuals\/wp-content\/uploads\/ZA_PH_436-100-Gliederdruckbalken-Kunststoff_DE.pdf\" target=\"_blank\" rel=\"noopener\">Anpressdruck Gliederdruckbalken erh\u00f6hen<\/a><\/p>\n<\/div>\n<\/div>\n<p><!-- .wrc-column-grid -->\ud83d\udd17 <a href=\"https:\/\/www.panhans.de\/produkte\/hobelmaschinen\/\" target=\"_blank\" rel=\"noopener\">Hobelmaschinen auf panhans.de &gt;&gt;<\/a><br \/>\n\ud83d\udd17 <a href=\"https:\/\/www.hokubema.com\/maschinen\/panhans-de\/panhans-hobelmaschinen\/\" target=\"_blank\" rel=\"noopener\">PANHANS Hobelmaschine kaufen &gt;&gt;<\/a><\/p>\n<hr \/>\n<h2>Schwenkfr\u00e4smaschinen<\/h2>\n<p><strong><\/p>\n<div class=\"wrc-column-grid wrc-column-grid-2\">\n<div  class=\"wrc-column wrc-column-width-1 wrc-column-start\" >\n<p>Anleitungen<br \/>\n<\/strong><a href=\"https:\/\/www.hokubema.com\/manuals\/wp-content\/uploads\/BA_PH_245-10_DE.pdf\" target=\"_blank\" rel=\"noopener\">245|10<\/a><br \/>\n<a href=\"https:\/\/www.hokubema.com\/manuals\/wp-content\/uploads\/BA_PH_245-20_DE_14-22.pdf\" target=\"_blank\" rel=\"noopener\">245|20<\/a> (bis 2022) | <a href=\"https:\/\/www.hokubema.com\/manuals\/wp-content\/uploads\/BA_PH_245-20_DE.pdf\" target=\"_blank\" rel=\"noopener\">245|20<\/a> (ab 2023)<br \/>\n<a href=\"https:\/\/www.hokubema.com\/manuals\/wp-content\/uploads\/BA_PH_245-100-300_DE.pdf\" target=\"_blank\" rel=\"noopener\">245|100, 200, 300<\/a><\/p>\n<p><strong>245|100-300 Touchscreen-Steuerung:<\/strong><br \/>\n<a href=\"https:\/\/www.hokubema.com\/manuals\/wp-content\/uploads\/BA_PH_UT300_DE.pdf\" target=\"_blank\" rel=\"noopener\">UT-300<\/a><\/p>\n<p><strong>Rolltisch f\u00fcr Zapfen- und Schlitzfr\u00e4sarbeiten:<\/strong><br \/>\n<a href=\"https:\/\/www.hokubema.com\/manuals\/wp-content\/uploads\/BA_PH_Rolltisch_DE.pdf\" target=\"_blank\" rel=\"noopener\">Betriebsanleitung<\/a><br \/>\n<strong><\/p>\n<\/div>\n<div  class=\"wrc-column wrc-column-width-1 wrc-column-end\" >\n<p>Datenbl\u00e4tter<br \/>\n<\/strong><a href=\"https:\/\/www.hokubema.com\/manuals\/wp-content\/uploads\/DB_PH_245-10-20_DE.pdf\" target=\"_blank\" rel=\"noopener\">245|10 &#8211; 245|20<\/a><br \/>\n<a href=\"https:\/\/www.hokubema.com\/manuals\/wp-content\/uploads\/DB_PH_245-100-300_DE.pdf\" target=\"_blank\" rel=\"noopener\">245|100, 200, 300<\/a><\/p>\n<p><strong>SI-TEC Bogenfr\u00e4sanschlag:<\/strong><br \/>\n<a href=\"https:\/\/www.hokubema.com\/manuals\/wp-content\/uploads\/BA_ST_1639-TAPOA_DE-EN-FR-NL.pdf\" target=\"_blank\" rel=\"noopener\">Typ 1639 TAPOA<\/a>\u00a0| <a href=\"https:\/\/www.hokubema.com\/manuals\/wp-content\/uploads\/BA_ST_1637-KOALA_DE-EN-FR-NL.pdf\" target=\"_blank\" rel=\"noopener\">Typ 1637 KOALA<\/a><\/p>\n<\/div>\n<\/div>\n<p><!-- .wrc-column-grid --><\/p>\n<p>\ud83d\udd17 <a href=\"https:\/\/www.panhans.de\/produkte\/fraesmaschinen\/\" target=\"_blank\" rel=\"noopener\">Schwenkfr\u00e4smaschinen auf panhans.de &gt;&gt;<\/a><br \/>\n\ud83d\udd17 <a href=\"https:\/\/www.hokubema.com\/maschinen\/panhans-de\/fraesmaschinen\/\" target=\"_blank\" rel=\"noopener\">PANHANS Schwenkfr\u00e4smaschine kaufen &gt;&gt;<\/a><\/p>\n<hr \/>\n<h2>Langlochbohrmaschine<\/h2>\n<p><strong><\/p>\n<div class=\"wrc-column-grid wrc-column-grid-2\">\n<div  class=\"wrc-column wrc-column-width-1 wrc-column-start\" >\n<p>Anleitung<br \/>\n<\/strong><a href=\"https:\/\/www.hokubema.com\/manuals\/wp-content\/uploads\/BA_PH_116-10_DE.pdf\" target=\"_blank\" rel=\"noopener\">116|10<\/a><\/p>\n<p><strong><\/p>\n<\/div>\n<div  class=\"wrc-column wrc-column-width-1 wrc-column-end\" >\n<p>Datenblatt<br \/>\n<\/strong><a href=\"https:\/\/www.hokubema.com\/manuals\/wp-content\/uploads\/DB_PH_116-10_DE.pdf\" target=\"_blank\" rel=\"noopener\">116|10<\/a><\/p>\n<\/div>\n<\/div>\n<p><!-- .wrc-column-grid -->\ud83d\udd17 <a href=\"https:\/\/www.panhans.de\/produkte\/bohrmaschinen\/116-10\" target=\"_blank\" rel=\"noopener\">Langlochbohrmaschine auf panhans.de &gt;&gt;<\/a><br \/>\n\ud83d\udd17 <a href=\"https:\/\/www.hokubema.com\/maschinen\/panhans-de\/langlochbohrmaschinen\/\" target=\"_blank\" rel=\"noopener\">PANHANS Langlochbohrmaschine kaufen &gt;&gt;<\/a><\/p>\n<hr \/>\n","protected":false},"excerpt":{"rendered":"<p>Holzbearbeitungsmaschinen \ud83d\udd17 PANHANS Maschine online kaufen &gt;&gt; Bands\u00e4gemaschinen \ud83d\udd17 Bands\u00e4gen auf panhans.de &gt;&gt; \ud83d\udd17 PANHANS Bands\u00e4ge kaufen &gt;&gt; \ud83d\udd17 Bands\u00e4gebl\u00e4tter kaufen &gt;&gt; Formatkreiss\u00e4gen \ud83d\udd17 Formatkreiss\u00e4gen auf panhans.de &gt;&gt; \ud83d\udd17 PANHANS Formatkreiss\u00e4ge kaufen &gt;&gt; Zusatzanleitungen Formatkreiss\u00e4gen Hobelmaschinen Zusatzanleitungen Hobelmaschinen \ud83d\udd17 Hobelmaschinen auf panhans.de &gt;&gt; \ud83d\udd17 PANHANS Hobelmaschine kaufen &gt;&gt; Schwenkfr\u00e4smaschinen \ud83d\udd17 Schwenkfr\u00e4smaschinen auf panhans.de &gt;&gt; \ud83d\udd17 &#8230; <a title=\"PANHANS Maschinen (Deutsch)\" class=\"read-more\" href=\"https:\/\/www.hokubema.com\/manuals\/panhans.html\" aria-label=\"Mehr dazu unter PANHANS Maschinen (Deutsch)\">Weiterlesen<\/a><\/p>\n","protected":false},"author":2,"featured_media":0,"parent":0,"menu_order":0,"comment_status":"closed","ping_status":"closed","template":"","meta":{"footnotes":""},"class_list":["post-44","page","type-page","status-publish"],"_links":{"self":[{"href":"https:\/\/www.hokubema.com\/manuals\/wp-json\/wp\/v2\/pages\/44","targetHints":{"allow":["GET"]}}],"collection":[{"href":"https:\/\/www.hokubema.com\/manuals\/wp-json\/wp\/v2\/pages"}],"about":[{"href":"https:\/\/www.hokubema.com\/manuals\/wp-json\/wp\/v2\/types\/page"}],"author":[{"embeddable":true,"href":"https:\/\/www.hokubema.com\/manuals\/wp-json\/wp\/v2\/users\/2"}],"replies":[{"embeddable":true,"href":"https:\/\/www.hokubema.com\/manuals\/wp-json\/wp\/v2\/comments?post=44"}],"version-history":[{"count":34,"href":"https:\/\/www.hokubema.com\/manuals\/wp-json\/wp\/v2\/pages\/44\/revisions"}],"predecessor-version":[{"id":5785,"href":"https:\/\/www.hokubema.com\/manuals\/wp-json\/wp\/v2\/pages\/44\/revisions\/5785"}],"wp:attachment":[{"href":"https:\/\/www.hokubema.com\/manuals\/wp-json\/wp\/v2\/media?parent=44"}],"curies":[{"name":"wp","href":"https:\/\/api.w.org\/{rel}","templated":true}]}}