{"id":46,"date":"2021-09-09T09:06:43","date_gmt":"2021-09-09T07:06:43","guid":{"rendered":"https:\/\/www.hokubema.com\/manuals\/?page_id=46"},"modified":"2026-02-18T11:41:13","modified_gmt":"2026-02-18T10:41:13","slug":"si-tec","status":"publish","type":"page","link":"https:\/\/www.hokubema.com\/manuals\/si-tec.html","title":{"rendered":"SI-TEC Sicherheitstechnik (Deutsch)"},"content":{"rendered":"<p style=\"text-align: right;\"><a href=\"https:\/\/www.hokubema.com\/manuals\/si-tec_en.html\"><img loading=\"lazy\" decoding=\"async\" class=\"alignnone size-full wp-image-1029\" src=\"https:\/\/www.hokubema.com\/manuals\/wp-content\/uploads\/flag_en-1.png\" alt=\"English Version\" width=\"33\" height=\"20\" \/><\/a> <a href=\"https:\/\/www.hokubema.com\/manuals\/si-tec_fr.html\"><img loading=\"lazy\" decoding=\"async\" class=\"alignnone size-full wp-image-1029\" src=\"https:\/\/www.hokubema.com\/manuals\/wp-content\/uploads\/flag_fr.png\" alt=\"Version fran\u00e7aise\" width=\"33\" height=\"20\" \/><\/a> <a href=\"https:\/\/www.hokubema.com\/manuals\/si-tec_nl.html\"><img loading=\"lazy\" decoding=\"async\" class=\"alignnone size-full wp-image-1029\" src=\"https:\/\/www.hokubema.com\/manuals\/wp-content\/uploads\/flag_nl.png\" alt=\"Nederlands\" width=\"33\" height=\"20\" \/><\/a><\/p>\n<p><a href=\"https:\/\/www.hokubema.com\/si-tec\/\" target=\"_blank\" rel=\"noopener\"><img loading=\"lazy\" decoding=\"async\" class=\"alignnone wp-image-235 size-full\" src=\"https:\/\/www.hokubema.com\/manuals\/wp-content\/uploads\/si-tec_2-e1631713857314.png\" alt=\"\" width=\"225\" height=\"97\" \/><\/a><br \/>\n<strong>Arbeitsschutz und Sicherheitstechnik<\/strong><\/p>\n<p style=\"text-align: left;\" align=\"center\"><strong><\/p>\n<div class=\"wrc-column-grid wrc-column-grid-2\">\n<div  class=\"wrc-column wrc-column-width-1 wrc-column-start\" >\n<p>Anleitungen<br \/>\n<\/strong>Doppelseitige Gehrungsanschl\u00e4ge f\u00fcr Formatkreiss\u00e4gen:<br \/>\n<a style=\"text-align: -webkit-center;\" href=\"https:\/\/www.hokubema.com\/manuals\/wp-content\/uploads\/BA_ST_DSG-A_DE.pdf\" target=\"_blank\" rel=\"noopener\">DSG-A<\/a><br \/>\n<a href=\"https:\/\/www.hokubema.com\/manuals\/wp-content\/uploads\/BA_ST_DSG-D_DE.pdf\" target=\"_blank\" rel=\"noopener\">DSG-D<\/a><\/p>\n<p style=\"text-align: left;\" align=\"center\">Bogenfr\u00e4sanschl\u00e4ge f\u00fcr Tischfr\u00e4smaschinen:<br \/>\n<a href=\"https:\/\/www.hokubema.com\/manuals\/wp-content\/uploads\/BA_ST_1639-TAPOA_DE-EN-FR-NL.pdf\" target=\"_blank\" rel=\"noopener\">Typ 1639 TAPOA<\/a> | <a href=\"https:\/\/www.hokubema.com\/manuals\/wp-content\/uploads\/BA_ST_1637-KOALA_DE-EN-FR-NL.pdf\" target=\"_blank\" rel=\"noopener\">Typ 1637 KOALA<\/a><\/p>\n<p style=\"text-align: left;\" align=\"center\"><strong>Kurzanleitung<\/strong><br \/>\n<a href=\"https:\/\/www.hokubema.com\/manuals\/wp-content\/uploads\/KA_ST_Kreissaegen-Vorschubapparat-76_DE.pdf\" target=\"_blank\" rel=\"noopener\">Kreiss\u00e4gen-Vorschubapparat 76<\/a><\/p>\n<p style=\"text-align: left;\" align=\"center\">\n<\/div>\n<div  class=\"wrc-column wrc-column-width-1 wrc-column-end\" >\n<p><strong>Anleitung<\/strong><br \/>\nHobelschutzvorrichtungen f\u00fcr Abrichtmaschinen:<br \/>\n<span style=\"text-align: -webkit-center;\"><a href=\"https:\/\/www.hokubema.com\/manuals\/wp-content\/uploads\/Bedienungsanleitung-SUVAMATIC-2023-DE-FR-IT-EN.pdf\" target=\"_blank\" rel=\"noopener\">SUVAMATIC Br\u00fcckenschutz DE\/FR\/IT\/EN<\/a><\/span><span style=\"text-align: -webkit-center;\"><br \/>\n<em>(Original Herstelleranleitung)\u00a0<\/em><br \/>\n<\/span><span style=\"text-align: -webkit-center;\"><a href=\"https:\/\/www.hokubema-manuals.de\/uploads\/IB_SUVAMATIC-Installation-Info_DE-EN.pdf\" target=\"_blank\" rel=\"noopener\">SUVAMATIC Bohrskizze, Montage &amp; Adaption<\/a><br \/>\n<em>(Infoblatt Deutsch\/Englisch)<\/em><br \/>\n<\/span><span style=\"text-align: -webkit-center;\"><a href=\"https:\/\/www.hokubema.com\/manuals\/wp-content\/uploads\/BA_ST_TX-MATIC_DE.pdf\" target=\"_blank\" rel=\"noopener\">TX MATIC Br\u00fcckenschutz<\/a><br \/>\n<\/span><span style=\"text-align: -webkit-center;\"><a href=\"https:\/\/www.hokubema.com\/manuals\/wp-content\/uploads\/BA_ST_TXF-TXR-1570_DE.pdf\" target=\"_blank\" rel=\"noopener\">Typ 1570 TXF-TXR Br\u00fcckenschutz<\/a><\/span><\/p>\n<p><span style=\"text-align: -webkit-center;\"><strong>Magnetische Schnelleinstellapparate f\u00fcr Hobelmesser<\/strong><br \/>\n<a href=\"https:\/\/www.hokubema.com\/manuals\/wp-content\/uploads\/BA_ST_TYP-1533_DE.pdf\" target=\"_blank\" rel=\"noopener\">Schnelleinstellapparate Typ 1533<\/a><br \/>\n<\/span><\/p>\n<p><span style=\"text-align: -webkit-center;\"><\/p>\n<\/div>\n<\/div>\n<p><!-- .wrc-column-grid --><\/span><\/p>\n<hr \/>\n<p style=\"text-align: left;\" align=\"center\"><strong><\/p>\n<div class=\"wrc-column-grid wrc-column-grid-2\">\n<div  class=\"wrc-column wrc-column-width-1 wrc-column-start\" >\n<p>Anleitung<br \/>\n<\/strong>APA Pr\u00e4zisions-Bands\u00e4geblattf\u00fchrungen:<br \/>\n<a href=\"https:\/\/www.hokubema.com\/manuals\/wp-content\/uploads\/BA_ST_APA_DE.pdf\" target=\"_blank\" rel=\"noopener\">APA-F\u00fchrungen<\/a><\/p>\n<p style=\"text-align: left;\" align=\"center\">\n<\/div>\n<div  class=\"wrc-column wrc-column-width-1 wrc-column-end\" >\n<p><strong>Anleitung<\/strong><br \/>\nGummi-Korkbandagen f\u00fcr Bands\u00e4gen:<strong><br \/>\n<\/strong><span style=\"text-align: -webkit-center;\"><a href=\"https:\/\/www.hokubema.com\/manuals\/wp-content\/uploads\/BA_ST_TYPE-1011_DE-EN-FR-NL.pdf\" target=\"_blank\" rel=\"noopener\">Gummi-Korbandagen Typ 1011<\/a><\/p>\n<\/div>\n<\/div>\n<p><!-- .wrc-column-grid --><\/span><\/p>\n<hr \/>\n<p>&nbsp;<\/p>\n<p><strong>Infobl\u00e4tter<br \/>\n<\/strong><span style=\"text-align: -webkit-center;\">Sicherheitszubeh\u00f6r f\u00fcr Kreiss\u00e4gen:<br \/>\n<\/span><a style=\"text-align: -webkit-center;\" href=\"https:\/\/www.hokubema.com\/manuals\/wp-content\/uploads\/IB_ST_Multi-Cut_DE.pdf\" target=\"_blank\" rel=\"noopener\">Infoblatt &#8222;Multi-Cut&#8220;<\/a><br \/>\n<a href=\"https:\/\/www.hokubema.com\/manuals\/wp-content\/uploads\/IB_ST_Safety-Power_DE.pdf\" target=\"_blank\" rel=\"noopener\">Infoblatt &#8222;Safety-Power&#8220;<\/a><\/p>\n<hr \/>\n<p><strong>Produktkatalog:<br \/>\n<\/strong><a href=\"https:\/\/www.hokubema.com\/manuals\/wp-content\/uploads\/SI-TEC-Katalog_DE.pdf\" target=\"_blank\" rel=\"noopener\">SI-TEC Katalog<\/a><\/p>\n<hr \/>\n<p>&nbsp;<\/p>\n","protected":false},"excerpt":{"rendered":"<p>Arbeitsschutz und Sicherheitstechnik &nbsp; Infobl\u00e4tter Sicherheitszubeh\u00f6r f\u00fcr Kreiss\u00e4gen: Infoblatt &#8222;Multi-Cut&#8220; Infoblatt &#8222;Safety-Power&#8220; Produktkatalog: SI-TEC Katalog &nbsp;<\/p>\n","protected":false},"author":2,"featured_media":0,"parent":0,"menu_order":0,"comment_status":"closed","ping_status":"closed","template":"","meta":{"footnotes":""},"class_list":["post-46","page","type-page","status-publish"],"_links":{"self":[{"href":"https:\/\/www.hokubema.com\/manuals\/wp-json\/wp\/v2\/pages\/46","targetHints":{"allow":["GET"]}}],"collection":[{"href":"https:\/\/www.hokubema.com\/manuals\/wp-json\/wp\/v2\/pages"}],"about":[{"href":"https:\/\/www.hokubema.com\/manuals\/wp-json\/wp\/v2\/types\/page"}],"author":[{"embeddable":true,"href":"https:\/\/www.hokubema.com\/manuals\/wp-json\/wp\/v2\/users\/2"}],"replies":[{"embeddable":true,"href":"https:\/\/www.hokubema.com\/manuals\/wp-json\/wp\/v2\/comments?post=46"}],"version-history":[{"count":18,"href":"https:\/\/www.hokubema.com\/manuals\/wp-json\/wp\/v2\/pages\/46\/revisions"}],"predecessor-version":[{"id":5727,"href":"https:\/\/www.hokubema.com\/manuals\/wp-json\/wp\/v2\/pages\/46\/revisions\/5727"}],"wp:attachment":[{"href":"https:\/\/www.hokubema.com\/manuals\/wp-json\/wp\/v2\/media?parent=46"}],"curies":[{"name":"wp","href":"https:\/\/api.w.org\/{rel}","templated":true}]}}