{"id":48,"date":"2021-09-09T09:06:50","date_gmt":"2021-09-09T07:06:50","guid":{"rendered":"https:\/\/www.hokubema.com\/manuals\/?page_id=48"},"modified":"2025-08-19T08:51:47","modified_gmt":"2025-08-19T06:51:47","slug":"woodpecker","status":"publish","type":"page","link":"https:\/\/www.hokubema.com\/manuals\/woodpecker.html","title":{"rendered":"WOODPECKER (Deutsch)"},"content":{"rendered":"<p style=\"text-align: right;\"><a href=\"https:\/\/www.hokubema.com\/manuals\/woodpecker_en.html\"><img loading=\"lazy\" decoding=\"async\" class=\"alignnone size-full wp-image-1029\" src=\"https:\/\/www.hokubema.com\/manuals\/wp-content\/uploads\/flag_en-1.png\" alt=\"English Version\" width=\"33\" height=\"20\" \/><\/a><\/p>\n<p><a href=\"https:\/\/ichbinwoodpecker.de\/\" target=\"_blank\" rel=\"noopener\"><img loading=\"lazy\" decoding=\"async\" class=\"alignnone wp-image-231 size-full\" src=\"https:\/\/www.hokubema.com\/manuals\/wp-content\/uploads\/woodpecker_2-e1631713980477.png\" alt=\"\" width=\"104\" height=\"97\" \/><\/a><br \/>\n<strong>Holzbearbeitungsmaschinen<\/strong><\/p>\n<p>\ud83d\udd17\u00a0<a href=\"https:\/\/www.hokubema.com\/maschinen\/WOODPECKER\/\" target=\"_blank\" rel=\"noopener\">WOODPECKER Maschine online kaufen &gt;&gt;<\/a><\/p>\n<h2 style=\"text-align: left;\">Formatkreiss\u00e4gen<\/h2>\n<p style=\"text-align: left;\"><strong><\/p>\n<div class=\"wrc-column-grid wrc-column-grid-2\">\n<div  class=\"wrc-column wrc-column-width-1 wrc-column-start\" >\n<p>Anleitung<br \/>\n<\/strong><a href=\"https:\/\/www.hokubema.com\/manuals\/wp-content\/uploads\/BA_WP_FKS6-315-1600_DE.pdf\" target=\"_blank\" rel=\"noopener\">FKS6-315\/1600<\/a><br \/>\n<a href=\"https:\/\/www.hokubema.com\/manuals\/wp-content\/uploads\/BA_WP_FKS6-315-2300_DE.pdf\" target=\"_blank\" rel=\"noopener\">FKS6-315\/2300\u00a0<\/a><\/p>\n<p><strong><\/p>\n<\/div>\n<div  class=\"wrc-column wrc-column-width-1 wrc-column-end\" >\n<p>Datenblatt<br \/>\n<\/strong><a href=\"https:\/\/www.hokubema.com\/manuals\/wp-content\/uploads\/DB_WP_FKS6-315-1600_DE.pdf\" target=\"_blank\" rel=\"noopener\">FKS6-315\/1600<\/a><br \/>\n<a href=\"https:\/\/www.hokubema.com\/manuals\/wp-content\/uploads\/DB_WP_FKS6-315-2300_DE.pdf\" target=\"_blank\" rel=\"noopener\">FKS6-315\/2300<\/a><span style=\"text-align: -webkit-center;\"><\/p>\n<\/div>\n<\/div>\n<p><!-- .wrc-column-grid --><\/span><\/p>\n<hr \/>\n<h2 style=\"text-align: left;\">Bands\u00e4gemaschinen<\/h2>\n<p style=\"text-align: left;\"><strong><\/p>\n<div class=\"wrc-column-grid wrc-column-grid-2\">\n<div  class=\"wrc-column wrc-column-width-1 wrc-column-start\" >\n<p>Anleitung<br \/>\n<\/strong><a style=\"text-align: -webkit-center;\" href=\"https:\/\/www.hokubema.com\/manuals\/wp-content\/uploads\/BA_WP_BSM7-40-50-60_DE.pdf\" target=\"_blank\" rel=\"noopener\">BSM 7-40 \/ BSM 7-50 \/ BSM 7-60<\/a><\/p>\n<p><strong><\/p>\n<\/div>\n<div  class=\"wrc-column wrc-column-width-1 wrc-column-end\" >\n<p>Datenblatt<br \/>\n<\/strong><a href=\"https:\/\/www.hokubema.com\/manuals\/wp-content\/uploads\/DB_WP_BSM-7-40-50-60_DE.pdf\" target=\"_blank\" rel=\"noopener\">BSM 7-40 \/ BSM 7-50 \/ BSM 7-60<\/a><span style=\"text-align: -webkit-center;\"><\/p>\n<\/div>\n<\/div>\n<p><!-- .wrc-column-grid --><\/span><\/p>\n<hr \/>\n<h2 style=\"text-align: left;\">Abricht- \/ F\u00fcge- &amp; Dickenhobel Kombination<\/h2>\n<p style=\"text-align: left;\"><strong><\/p>\n<div class=\"wrc-column-grid wrc-column-grid-2\">\n<div  class=\"wrc-column wrc-column-width-1 wrc-column-start\" >\n<p>Anleitung<br \/>\n<\/strong><a style=\"text-align: -webkit-center;\" href=\"https:\/\/www.hokubema.com\/manuals\/wp-content\/uploads\/BA_WP_ADH5-410_DE.pdf\" target=\"_blank\" rel=\"noopener\">ADH 5-410<\/a><br \/>\n<strong><\/p>\n<\/div>\n<div  class=\"wrc-column wrc-column-width-1 wrc-column-end\" >\n<p>Datenblatt<br \/>\n<\/strong><a href=\"https:\/\/www.hokubema.com\/manuals\/wp-content\/uploads\/DB_WP_ADH5-410_DE.pdf\" target=\"_blank\" rel=\"noopener\">ADH 5-410<\/a><span style=\"text-align: -webkit-center;\"><\/p>\n<\/div>\n<\/div>\n<p><!-- .wrc-column-grid --><\/span><\/p>\n<hr \/>\n<h2 style=\"text-align: left;\">Schwenkbare Spindelfr\u00e4smaschine<\/h2>\n<p style=\"text-align: left;\"><strong><\/p>\n<div class=\"wrc-column-grid wrc-column-grid-2\">\n<div  class=\"wrc-column wrc-column-width-1 wrc-column-start\" >\n<p>Anleitung<br \/>\n<\/strong><a href=\"https:\/\/www.hokubema.com\/manuals\/wp-content\/uploads\/BA_WP_SPM2-1000_DE.pdf\" target=\"_blank\" rel=\"noopener\">SPM 2-1000<\/a><\/p>\n<p><strong><\/p>\n<\/div>\n<div  class=\"wrc-column wrc-column-width-1 wrc-column-end\" >\n<p>Datenblatt<br \/>\n<\/strong><a href=\"https:\/\/www.hokubema.com\/manuals\/wp-content\/uploads\/DB_WP_SPM2-1000_DE.pdf\" target=\"_blank\" rel=\"noopener\">SPM 2-1000<\/a><\/p>\n<\/div>\n<\/div>\n<p><!-- .wrc-column-grid --><\/p>\n<hr \/>\n<h2 style=\"text-align: left;\">Kopierdrechselmaschine<\/h2>\n<p style=\"text-align: left;\"><strong><\/p>\n<div class=\"wrc-column-grid wrc-column-grid-2\">\n<div  class=\"wrc-column wrc-column-width-1 wrc-column-start\" >\n<p>Anleitung<br \/>\n<\/strong><a href=\"https:\/\/www.hokubema.com\/manuals\/wp-content\/uploads\/BA_WP_DRM10-1200_DE.pdf\" target=\"_blank\" rel=\"noopener\">DRM 10-1200<\/a><\/p>\n<p><strong><\/p>\n<\/div>\n<div  class=\"wrc-column wrc-column-width-1 wrc-column-end\" >\n<p>Datenblatt<br \/>\n<\/strong><a href=\"https:\/\/www.hokubema.com\/manuals\/wp-content\/uploads\/DB_WP_DRM10-1200_DE.pdf\" target=\"_blank\" rel=\"noopener\">DRM 10-1200<\/a><\/p>\n<\/div>\n<\/div>\n<p><!-- .wrc-column-grid --><\/p>\n<hr \/>\n<h2 style=\"text-align: left;\">Langlochbohrmaschine<\/h2>\n<p style=\"text-align: left;\"><strong><\/p>\n<div class=\"wrc-column-grid wrc-column-grid-2\">\n<div  class=\"wrc-column wrc-column-width-1 wrc-column-start\" >\n<p>Anleitung<br \/>\n<\/strong><a href=\"https:\/\/www.hokubema.com\/manuals\/wp-content\/uploads\/BA_WP_LBM1-200_DE.pdf\" target=\"_blank\" rel=\"noopener\">LBM1-200<\/a><\/p>\n<p><strong><\/p>\n<\/div>\n<div  class=\"wrc-column wrc-column-width-1 wrc-column-end\" >\n<p>Datenblatt<br \/>\n<\/strong><a href=\"https:\/\/www.hokubema.com\/manuals\/wp-content\/uploads\/DB_WP_LBM1-200_DE.pdf\" target=\"_blank\" rel=\"noopener\">LBM1-200<\/a>\u00a0<\/p>\n<\/div>\n<\/div>\n<p><!-- .wrc-column-grid --><\/p>\n<hr \/>\n<h2 style=\"text-align: left;\">Oszillierende Kantenschleifmaschinen<\/h2>\n<p style=\"text-align: left;\"><strong><\/p>\n<div class=\"wrc-column-grid wrc-column-grid-2\">\n<div  class=\"wrc-column wrc-column-width-1 wrc-column-start\" >\n<p>Anleitung<br \/>\n<\/strong><a href=\"https:\/\/www.hokubema.com\/manuals\/wp-content\/uploads\/BA_WP_KSM9-3000-200-3100-150_DE.pdf\" target=\"_blank\" rel=\"noopener\">KSM9-300\/200 und KSM9-3100\/150\u00a0<\/a><\/p>\n<p><strong><\/p>\n<\/div>\n<div  class=\"wrc-column wrc-column-width-1 wrc-column-end\" >\n<p>Datenblatt<br \/>\n<\/strong><a href=\"https:\/\/www.hokubema.com\/manuals\/wp-content\/uploads\/DB_WP_KSM9-3000-200-3100-150_DE.pdf\" target=\"_blank\" rel=\"noopener\">KSM9-300\/200 und KSM9-3100\/150<\/a><\/p>\n<\/div>\n<\/div>\n<p><!-- .wrc-column-grid --><\/p>\n<hr \/>\n<h2>Woodpecker Produkt\u00fcbersicht<\/h2>\n<p><a href=\"https:\/\/ichbinwoodpecker.de\/wp-content\/uploads\/katalog-woodpecker.pdf\" target=\"_blank\" rel=\"noopener\">Aktueller Produktkatalog<\/a><\/p>\n<hr \/>\n","protected":false},"excerpt":{"rendered":"<p>Holzbearbeitungsmaschinen \ud83d\udd17\u00a0WOODPECKER Maschine online kaufen &gt;&gt; Formatkreiss\u00e4gen Bands\u00e4gemaschinen Abricht- \/ F\u00fcge- &amp; Dickenhobel Kombination Schwenkbare Spindelfr\u00e4smaschine Kopierdrechselmaschine Langlochbohrmaschine Oszillierende Kantenschleifmaschinen Woodpecker Produkt\u00fcbersicht Aktueller Produktkatalog<\/p>\n","protected":false},"author":2,"featured_media":0,"parent":0,"menu_order":0,"comment_status":"closed","ping_status":"closed","template":"","meta":{"footnotes":""},"class_list":["post-48","page","type-page","status-publish"],"_links":{"self":[{"href":"https:\/\/www.hokubema.com\/manuals\/wp-json\/wp\/v2\/pages\/48","targetHints":{"allow":["GET"]}}],"collection":[{"href":"https:\/\/www.hokubema.com\/manuals\/wp-json\/wp\/v2\/pages"}],"about":[{"href":"https:\/\/www.hokubema.com\/manuals\/wp-json\/wp\/v2\/types\/page"}],"author":[{"embeddable":true,"href":"https:\/\/www.hokubema.com\/manuals\/wp-json\/wp\/v2\/users\/2"}],"replies":[{"embeddable":true,"href":"https:\/\/www.hokubema.com\/manuals\/wp-json\/wp\/v2\/comments?post=48"}],"version-history":[{"count":1,"href":"https:\/\/www.hokubema.com\/manuals\/wp-json\/wp\/v2\/pages\/48\/revisions"}],"predecessor-version":[{"id":3861,"href":"https:\/\/www.hokubema.com\/manuals\/wp-json\/wp\/v2\/pages\/48\/revisions\/3861"}],"wp:attachment":[{"href":"https:\/\/www.hokubema.com\/manuals\/wp-json\/wp\/v2\/media?parent=48"}],"curies":[{"name":"wp","href":"https:\/\/api.w.org\/{rel}","templated":true}]}}